{"id":420,"date":"2015-07-17T14:20:27","date_gmt":"2015-07-17T12:20:27","guid":{"rendered":"http:\/\/www.beach.perg.at\/content\/?page_id=420"},"modified":"2018-05-15T08:50:00","modified_gmt":"2018-05-15T06:50:00","slug":"beach-finals-app","status":"publish","type":"page","link":"http:\/\/www.beach.perg.at\/content\/teilnahme\/beach-finals-app\/","title":{"rendered":"O\u00d6 Beach Finals APP"},"content":{"rendered":"<p>Lade Dir jetzt die offizielle <a href=\"http:\/\/www.beach.perg.at\/app\/BeachFinals15.apk\" target=\"_blank\" rel=\"noopener\">O\u00d6 Beach Finals App<\/a> runter und hol Dir die Live Scores und die Ank\u00fcndigungen der n\u00e4chsten Spiele direkt auf dein Android &#8482; Handy.<\/p>\n<p><a href=\"http:\/\/www.beach.perg.at\/app\/BeachFinals15.apk\"><img loading=\"lazy\" decoding=\"async\" class=\" size-full wp-image-421 aligncenter\" src=\"http:\/\/www.beach.perg.at\/content\/wp-content\/uploads\/2015\/07\/download-button.png\" alt=\"Jetzt herunterladen\" width=\"250\" height=\"73\" srcset=\"http:\/\/www.beach.perg.at\/content\/wp-content\/uploads\/2015\/07\/download-button.png 250w, http:\/\/www.beach.perg.at\/content\/wp-content\/uploads\/2015\/07\/download-button-3x1.png 3w\" sizes=\"auto, (max-width: 250px) 100vw, 250px\" \/><\/a><\/p>\n<p>Alternativ kannst Du auch folgenden Link bookmarken und Dir dort die Informationen holen: <a href=\"http:\/\/www.beach.perg.at\/app\" target=\"_blank\" rel=\"noopener\">http:\/\/www.beach.perg.at\/app<\/a><\/p>\n","protected":false},"excerpt":{"rendered":"<p>Lade Dir jetzt die offizielle O\u00d6 Beach Finals App runter und hol Dir die Live Scores und die Ank\u00fcndigungen der n\u00e4chsten Spiele direkt auf dein Android &#8482; Handy. Alternativ kannst Du auch folgenden Link bookmarken und Dir dort die Informationen holen: http:\/\/www.beach.perg.at\/app<\/p>\n","protected":false},"author":1,"featured_media":0,"parent":222,"menu_order":0,"comment_status":"open","ping_status":"closed","template":"","meta":{"footnotes":""},"class_list":["post-420","page","type-page","status-publish","hentry"],"_links":{"self":[{"href":"http:\/\/www.beach.perg.at\/content\/wp-json\/wp\/v2\/pages\/420","targetHints":{"allow":["GET"]}}],"collection":[{"href":"http:\/\/www.beach.perg.at\/content\/wp-json\/wp\/v2\/pages"}],"about":[{"href":"http:\/\/www.beach.perg.at\/content\/wp-json\/wp\/v2\/types\/page"}],"author":[{"embeddable":true,"href":"http:\/\/www.beach.perg.at\/content\/wp-json\/wp\/v2\/users\/1"}],"replies":[{"embeddable":true,"href":"http:\/\/www.beach.perg.at\/content\/wp-json\/wp\/v2\/comments?post=420"}],"version-history":[{"count":2,"href":"http:\/\/www.beach.perg.at\/content\/wp-json\/wp\/v2\/pages\/420\/revisions"}],"predecessor-version":[{"id":721,"href":"http:\/\/www.beach.perg.at\/content\/wp-json\/wp\/v2\/pages\/420\/revisions\/721"}],"up":[{"embeddable":true,"href":"http:\/\/www.beach.perg.at\/content\/wp-json\/wp\/v2\/pages\/222"}],"wp:attachment":[{"href":"http:\/\/www.beach.perg.at\/content\/wp-json\/wp\/v2\/media?parent=420"}],"curies":[{"name":"wp","href":"https:\/\/api.w.org\/{rel}","templated":true}]}}