{"id":1414,"date":"2022-05-28T12:50:20","date_gmt":"2022-05-28T10:50:20","guid":{"rendered":"https:\/\/www.beach.perg.at\/content\/?page_id=1414"},"modified":"2024-05-27T14:12:46","modified_gmt":"2024-05-27T12:12:46","slug":"abv-junior-tour","status":"publish","type":"page","link":"https:\/\/www.beach.perg.at\/content\/abv-junior-tour\/","title":{"rendered":"ABV Junior Tour"},"content":{"rendered":"\n<p><strong>O\u00d6 Junior Tour Stopps<\/strong><\/p>\n\n\n\n<p class=\"has-text-align-left\">Teilnahmeberechtigt sind alle SpielerInnen mit g\u00fcltiger \u00d6VV Beachlizenz in den jeweiligen Altersklassen. Anmeldung erfolgt \u00fcber https:\/\/volleynet.at\/beach.<\/p>\n\n\n\n<p>Bei den Junior Landesmeisterschaften sind laut Ausschreibung nur Teams mit mind. einem O\u00d6VV Spieler\/einer O\u00d6VV Spielerin zugelassen. Jeder Spieler\/jede Spielerin darf nur an einer Landesmeisterschaft je Alterklasse teilnehmen.<\/p>\n\n\n\n<p>Folgende Tourstopps werden 2024 in Perg stattfinden:<\/p>\n\n\n\n<p>* 01.06.24 u19 m\/w 3 Pl\u00e4tze<\/p>\n\n\n\n<p>* 08.06.24 u17 LM &nbsp;m\/w 3 Pl\u00e4tze<\/p>\n\n\n\n<p>* 23.06.24 u19 m\/w 3 Pl\u00e4tze<\/p>\n\n\n\n<p>* 30.06.24 u17 m\/w 3 Pl\u00e4tze<\/p>\n\n\n\n<p>* 07.07.24 u19 m 2 Pl\u00e4tze<\/p>\n\n\n\n<p><\/p>\n\n\n\n<p><\/p>\n\n\n\n<p><\/p>\n\n\n\n<p><\/p>\n\n\n\n<p><\/p>\n","protected":false},"excerpt":{"rendered":"<p>O\u00d6 Junior Tour Stopps Teilnahmeberechtigt sind alle SpielerInnen mit g\u00fcltiger \u00d6VV Beachlizenz in den jeweiligen Altersklassen. Anmeldung erfolgt \u00fcber https:\/\/volleynet.at\/beach. Bei den Junior Landesmeisterschaften sind laut Ausschreibung nur Teams mit mind. einem O\u00d6VV Spieler\/einer O\u00d6VV Spielerin zugelassen. Jeder Spieler\/jede Spielerin darf nur an einer Landesmeisterschaft je Alterklasse teilnehmen. Folgende Tourstopps werden 2024 in Perg stattfinden: &hellip; <\/p>\n<p class=\"link-more\"><a href=\"https:\/\/www.beach.perg.at\/content\/abv-junior-tour\/\" class=\"more-link\"><span class=\"screen-reader-text\">\u201eABV Junior Tour\u201c <\/span>weiterlesen<\/a><\/p>\n","protected":false},"author":1,"featured_media":0,"parent":0,"menu_order":0,"comment_status":"closed","ping_status":"closed","template":"","meta":{"footnotes":""},"class_list":["post-1414","page","type-page","status-publish","hentry"],"_links":{"self":[{"href":"https:\/\/www.beach.perg.at\/content\/wp-json\/wp\/v2\/pages\/1414","targetHints":{"allow":["GET"]}}],"collection":[{"href":"https:\/\/www.beach.perg.at\/content\/wp-json\/wp\/v2\/pages"}],"about":[{"href":"https:\/\/www.beach.perg.at\/content\/wp-json\/wp\/v2\/types\/page"}],"author":[{"embeddable":true,"href":"https:\/\/www.beach.perg.at\/content\/wp-json\/wp\/v2\/users\/1"}],"replies":[{"embeddable":true,"href":"https:\/\/www.beach.perg.at\/content\/wp-json\/wp\/v2\/comments?post=1414"}],"version-history":[{"count":8,"href":"https:\/\/www.beach.perg.at\/content\/wp-json\/wp\/v2\/pages\/1414\/revisions"}],"predecessor-version":[{"id":1730,"href":"https:\/\/www.beach.perg.at\/content\/wp-json\/wp\/v2\/pages\/1414\/revisions\/1730"}],"wp:attachment":[{"href":"https:\/\/www.beach.perg.at\/content\/wp-json\/wp\/v2\/media?parent=1414"}],"curies":[{"name":"wp","href":"https:\/\/api.w.org\/{rel}","templated":true}]}}