{"id":1680,"date":"2024-04-26T19:48:41","date_gmt":"2024-04-26T17:48:41","guid":{"rendered":"https:\/\/www.beach.perg.at\/content\/?page_id=1680"},"modified":"2025-08-17T08:20:45","modified_gmt":"2025-08-17T06:20:45","slug":"kom-kings-of-muehlviertel-beachtour-2024","status":"publish","type":"page","link":"https:\/\/www.beach.perg.at\/content\/kom-kings-of-muehlviertel-beachtour-2024\/","title":{"rendered":"&#8222;Kings of M\u00fchlviertel&#8220; Beachvolleyball Trophy 2025"},"content":{"rendered":"\n<p>Das hat dem geilsten Viertel Ober\u00f6sterreichs noch gefehlt: eine eigene Beachtour! Und hier ist sie: <strong>K.O.M. &#8222;Kings of M\u00fchlviertel&#8220; Beachvolleyball Trophy<\/strong> ist eine Tour von mehreren Turnieren im M\u00fchlviertel mit dem Finale bei den O\u00d6 Beach Finals presented by Raiffeisen.<\/p>\n\n\n\n<figure class=\"wp-block-image size-full\"><a href=\"https:\/\/www.beach.perg.at\/content\/wp-content\/uploads\/2025\/05\/Image-2.jpeg\"><img loading=\"lazy\" decoding=\"async\" width=\"1024\" height=\"368\" src=\"https:\/\/www.beach.perg.at\/content\/wp-content\/uploads\/2025\/05\/Image-2.jpeg\" alt=\"\" class=\"wp-image-1990\" srcset=\"https:\/\/www.beach.perg.at\/content\/wp-content\/uploads\/2025\/05\/Image-2.jpeg 1024w, https:\/\/www.beach.perg.at\/content\/wp-content\/uploads\/2025\/05\/Image-2-300x108.jpeg 300w, https:\/\/www.beach.perg.at\/content\/wp-content\/uploads\/2025\/05\/Image-2-768x276.jpeg 768w\" sizes=\"auto, (max-width: 767px) 89vw, (max-width: 1000px) 54vw, (max-width: 1071px) 543px, 580px\" \/><\/a><\/figure>\n\n\n\n<p>Es werden die besten m\u00e4nnlichen Beachduos des M\u00fchlviertels gesucht, Partnertausch wird bei uns nicht supported. D.h. es gibt f\u00fcr &#8222;treue&#8220; P\u00e4rchen die Chance auf den Gesamtsieg, weil immer nur Punkte pro Team vergeben werden. Neue Teams beginnen wieder bei &#8222;0&#8220;, wie im echten Leben.  <\/p>\n\n\n\n<p>Die besten 5 Ergebnisse der Turniere in Ried\/Riedmark, Rohrbach, Freistadt, St. Georgen\/Gusen, und Perg z\u00e4hlen gleicherma\u00dfen zum Gesamtscore je Team.  Die <strong>besten 4 Teams<\/strong> nach allen Turnieren werden bei der Siegerehrung der Landesmeisterschaften geehrt und erhalten tolle <strong>Sachpreise <\/strong>und eine ordentliche <strong>Ration Bier <\/strong>von den besten M\u00fchlviertler Privatbrauereien. <strong>Alle Turniere sind gleich gewichtet und vergeben die gleiche Anzahl an Punkten<\/strong><\/p>\n\n\n\n<figure class=\"wp-block-image size-full is-resized\"><a href=\"https:\/\/www.beach.perg.at\/content\/wp-content\/uploads\/2025\/08\/grafik.png\"><img loading=\"lazy\" decoding=\"async\" width=\"165\" height=\"343\" src=\"https:\/\/www.beach.perg.at\/content\/wp-content\/uploads\/2025\/08\/grafik.png\" alt=\"\" class=\"wp-image-2127\" style=\"width:170px;height:auto\" srcset=\"https:\/\/www.beach.perg.at\/content\/wp-content\/uploads\/2025\/08\/grafik.png 165w, https:\/\/www.beach.perg.at\/content\/wp-content\/uploads\/2025\/08\/grafik-144x300.png 144w\" sizes=\"auto, (max-width: 165px) 100vw, 165px\" \/><\/a><\/figure>\n\n\n\n<h2 class=\"wp-block-heading\">K.O.M. Termine 2025<\/h2>\n\n\n\n<figure class=\"wp-block-image size-full\"><a href=\"https:\/\/www.beach.perg.at\/content\/wp-content\/uploads\/2025\/05\/Image-1-1.png\"><img loading=\"lazy\" decoding=\"async\" width=\"1024\" height=\"1024\" src=\"https:\/\/www.beach.perg.at\/content\/wp-content\/uploads\/2025\/05\/Image-1-1.png\" alt=\"\" class=\"wp-image-1993\" srcset=\"https:\/\/www.beach.perg.at\/content\/wp-content\/uploads\/2025\/05\/Image-1-1.png 1024w, https:\/\/www.beach.perg.at\/content\/wp-content\/uploads\/2025\/05\/Image-1-1-300x300.png 300w, https:\/\/www.beach.perg.at\/content\/wp-content\/uploads\/2025\/05\/Image-1-1-150x150.png 150w, https:\/\/www.beach.perg.at\/content\/wp-content\/uploads\/2025\/05\/Image-1-1-768x768.png 768w, https:\/\/www.beach.perg.at\/content\/wp-content\/uploads\/2025\/05\/Image-1-1-100x100.png 100w\" sizes=\"auto, (max-width: 767px) 89vw, (max-width: 1000px) 54vw, (max-width: 1071px) 543px, 580px\" \/><\/a><\/figure>\n\n\n\n<p><strong>KOM <strong>RANGLISTE  Stand 16.08.2025<\/strong><\/strong>(FINAL)<\/p>\n\n\n\n<figure class=\"wp-block-image size-full\"><a href=\"https:\/\/www.beach.perg.at\/content\/wp-content\/uploads\/2025\/08\/grafik-2.png\"><img loading=\"lazy\" decoding=\"async\" width=\"891\" height=\"421\" src=\"https:\/\/www.beach.perg.at\/content\/wp-content\/uploads\/2025\/08\/grafik-2.png\" alt=\"\" class=\"wp-image-2132\" srcset=\"https:\/\/www.beach.perg.at\/content\/wp-content\/uploads\/2025\/08\/grafik-2.png 891w, https:\/\/www.beach.perg.at\/content\/wp-content\/uploads\/2025\/08\/grafik-2-300x142.png 300w, https:\/\/www.beach.perg.at\/content\/wp-content\/uploads\/2025\/08\/grafik-2-768x363.png 768w\" sizes=\"auto, (max-width: 767px) 89vw, (max-width: 1000px) 54vw, (max-width: 1071px) 543px, 580px\" \/><\/a><\/figure>\n\n\n\n<div class=\"wp-block-file\"><a id=\"wp-block-file--media-838ea004-c523-48e2-89c2-a7bd6d75acb9\" href=\"https:\/\/www.beach.perg.at\/content\/wp-content\/uploads\/2025\/08\/KOM_QOM_2025_10.08.225.xlsx\">KOM_QOM_2025_15.08.225<\/a><a href=\"https:\/\/www.beach.perg.at\/content\/wp-content\/uploads\/2025\/08\/KOM_QOM_2025_10.08.225.xlsx\" class=\"wp-block-file__button wp-element-button\" download aria-describedby=\"wp-block-file--media-838ea004-c523-48e2-89c2-a7bd6d75acb9\">Herunterladen<\/a><\/div>\n\n\n\n<div class=\"wp-block-buttons is-content-justification-center is-layout-flex wp-container-core-buttons-is-layout-8057eaf3 wp-block-buttons-is-layout-flex\">\n<div class=\"wp-block-button\"><a class=\"wp-block-button__link wp-element-button\" href=\"https:\/\/www.volleynet.at\/beach\/bewerbe\/National\/phase\/AMATEUR%2520TOUR\/sex\/M\/saison\/2025\/\">Gleich zu einem K.O.M. Turnier anmelden &gt;<\/a><\/div>\n<\/div>\n\n\n\n<p><\/p>\n\n\n\n<p>Wir freuen uns auf zahlreiche Teilnehmer, auf granit-harte Partien und eine w\u00fcrdige Abschlussfeier mit allen Teams am 16. August bei den O\u00d6 Beach Finals presented Raiffeisen in Perg.<\/p>\n\n\n\n<h2 class=\"wp-block-heading\">Q.O.M. &#8211; QUEENS OF M\u00dcHLVIERTEL<\/h2>\n\n\n\n<p><strong>NEU:<\/strong> Wir planen 2025 erstmals auf eine Tour f\u00fcr die M\u00fchlviertler M\u00e4dels &#8211; die QOM 2025. <\/p>\n\n\n\n<figure class=\"wp-block-image size-full\"><a href=\"https:\/\/www.beach.perg.at\/content\/wp-content\/uploads\/2025\/05\/Image-3.jpeg\"><img loading=\"lazy\" decoding=\"async\" width=\"1024\" height=\"362\" src=\"https:\/\/www.beach.perg.at\/content\/wp-content\/uploads\/2025\/05\/Image-3.jpeg\" alt=\"\" class=\"wp-image-1992\" srcset=\"https:\/\/www.beach.perg.at\/content\/wp-content\/uploads\/2025\/05\/Image-3.jpeg 1024w, https:\/\/www.beach.perg.at\/content\/wp-content\/uploads\/2025\/05\/Image-3-300x106.jpeg 300w, https:\/\/www.beach.perg.at\/content\/wp-content\/uploads\/2025\/05\/Image-3-768x272.jpeg 768w\" sizes=\"auto, (max-width: 767px) 89vw, (max-width: 1000px) 54vw, (max-width: 1071px) 543px, 580px\" \/><\/a><\/figure>\n\n\n\n<p><\/p>\n\n\n\n<p>K.O.M. Termine 2025<\/p>\n\n\n\n<figure class=\"wp-block-image size-full\"><a href=\"https:\/\/www.beach.perg.at\/content\/wp-content\/uploads\/2025\/05\/Image-4.jpeg\"><img loading=\"lazy\" decoding=\"async\" width=\"1024\" height=\"1024\" src=\"https:\/\/www.beach.perg.at\/content\/wp-content\/uploads\/2025\/05\/Image-4.jpeg\" alt=\"\" class=\"wp-image-1994\" srcset=\"https:\/\/www.beach.perg.at\/content\/wp-content\/uploads\/2025\/05\/Image-4.jpeg 1024w, https:\/\/www.beach.perg.at\/content\/wp-content\/uploads\/2025\/05\/Image-4-300x300.jpeg 300w, https:\/\/www.beach.perg.at\/content\/wp-content\/uploads\/2025\/05\/Image-4-150x150.jpeg 150w, https:\/\/www.beach.perg.at\/content\/wp-content\/uploads\/2025\/05\/Image-4-768x768.jpeg 768w, https:\/\/www.beach.perg.at\/content\/wp-content\/uploads\/2025\/05\/Image-4-100x100.jpeg 100w\" sizes=\"auto, (max-width: 767px) 89vw, (max-width: 1000px) 54vw, (max-width: 1071px) 543px, 580px\" \/><\/a><\/figure>\n\n\n\n<p><strong>QOM RANGLISTE  Stand 16.08.2025<\/strong>(FINAL)<\/p>\n\n\n\n<figure class=\"wp-block-image size-full\"><a href=\"https:\/\/www.beach.perg.at\/content\/wp-content\/uploads\/2025\/08\/grafik-3.png\"><img loading=\"lazy\" decoding=\"async\" width=\"933\" height=\"489\" src=\"https:\/\/www.beach.perg.at\/content\/wp-content\/uploads\/2025\/08\/grafik-3.png\" alt=\"\" class=\"wp-image-2134\" srcset=\"https:\/\/www.beach.perg.at\/content\/wp-content\/uploads\/2025\/08\/grafik-3.png 933w, https:\/\/www.beach.perg.at\/content\/wp-content\/uploads\/2025\/08\/grafik-3-300x157.png 300w, https:\/\/www.beach.perg.at\/content\/wp-content\/uploads\/2025\/08\/grafik-3-768x403.png 768w\" sizes=\"auto, (max-width: 767px) 89vw, (max-width: 1000px) 54vw, (max-width: 1071px) 543px, 580px\" \/><\/a><\/figure>\n\n\n\n<div class=\"wp-block-file\"><a id=\"wp-block-file--media-3e0b3567-989e-47b3-833f-d8227d3cd389\" href=\"https:\/\/www.beach.perg.at\/content\/wp-content\/uploads\/2025\/08\/KOM_QOM_2025_10.08.225-1.xlsx\">KOM_QOM_2025_15.08.225<\/a><a href=\"https:\/\/www.beach.perg.at\/content\/wp-content\/uploads\/2025\/08\/KOM_QOM_2025_10.08.225-1.xlsx\" class=\"wp-block-file__button wp-element-button\" download aria-describedby=\"wp-block-file--media-3e0b3567-989e-47b3-833f-d8227d3cd389\">Herunterladen<\/a><\/div>\n\n\n\n<div class=\"wp-block-buttons is-content-justification-center is-layout-flex wp-container-core-buttons-is-layout-8057eaf3 wp-block-buttons-is-layout-flex\">\n<div class=\"wp-block-button\"><a class=\"wp-block-button__link wp-element-button\" href=\"https:\/\/www.volleynet.at\/beach\/bewerbe\/National\/phase\/AMATEUR%2520TOUR\/sex\/M\/saison\/2025\/\" target=\"_blank\" rel=\"noreferrer noopener nofollow\">Gleich zu einem Q.O.M. Turnier anmelden &gt;<\/a><\/div>\n<\/div>\n\n\n\n<h2 class=\"wp-block-heading\">HISTORY: DAS WAR DIE KOM 2024<\/h2>\n\n\n\n<hr class=\"wp-block-separator has-alpha-channel-opacity is-style-wide\"\/>\n\n\n\n<figure class=\"wp-block-image size-full\"><a href=\"https:\/\/www.beach.perg.at\/content\/wp-content\/uploads\/2024\/04\/WhatsApp-Image-2024-04-27-at-08.39.07.jpeg\"><img loading=\"lazy\" decoding=\"async\" width=\"1600\" height=\"570\" src=\"https:\/\/www.beach.perg.at\/content\/wp-content\/uploads\/2024\/04\/WhatsApp-Image-2024-04-27-at-08.39.07.jpeg\" alt=\"\" class=\"wp-image-1695\" srcset=\"https:\/\/www.beach.perg.at\/content\/wp-content\/uploads\/2024\/04\/WhatsApp-Image-2024-04-27-at-08.39.07.jpeg 1600w, https:\/\/www.beach.perg.at\/content\/wp-content\/uploads\/2024\/04\/WhatsApp-Image-2024-04-27-at-08.39.07-300x107.jpeg 300w, https:\/\/www.beach.perg.at\/content\/wp-content\/uploads\/2024\/04\/WhatsApp-Image-2024-04-27-at-08.39.07-1024x365.jpeg 1024w, https:\/\/www.beach.perg.at\/content\/wp-content\/uploads\/2024\/04\/WhatsApp-Image-2024-04-27-at-08.39.07-768x274.jpeg 768w, https:\/\/www.beach.perg.at\/content\/wp-content\/uploads\/2024\/04\/WhatsApp-Image-2024-04-27-at-08.39.07-1536x547.jpeg 1536w\" sizes=\"auto, (max-width: 767px) 89vw, (max-width: 1000px) 54vw, (max-width: 1071px) 543px, 580px\" \/><\/a><\/figure>\n\n\n\n<p>Die erstmals gek\u00fcrten &#8222;Kings of M\u00fchlviertel&#8220; 2024 hei\u00dfen Daniel Eder und Oleksandr Fedorenko. Vize-Kings sind Tristan Kitzm\u00fcller und Tobias Pfoser . Bernhard Mayrhofer und Martin Kloibhofer belegen Platz 3. Rang 4 ging an Etlinger\/Schober, die leider bei der Siegerehrung nicht anwesend waren.<\/p>\n\n\n\n<figure class=\"wp-block-image size-large\"><a href=\"https:\/\/www.beach.perg.at\/content\/wp-content\/uploads\/2024\/08\/image241.jpg\"><img loading=\"lazy\" decoding=\"async\" width=\"1024\" height=\"575\" src=\"https:\/\/www.beach.perg.at\/content\/wp-content\/uploads\/2024\/08\/image241-1024x575.jpg\" alt=\"\" class=\"wp-image-1909\" srcset=\"https:\/\/www.beach.perg.at\/content\/wp-content\/uploads\/2024\/08\/image241-1024x575.jpg 1024w, https:\/\/www.beach.perg.at\/content\/wp-content\/uploads\/2024\/08\/image241-300x169.jpg 300w, https:\/\/www.beach.perg.at\/content\/wp-content\/uploads\/2024\/08\/image241-768x431.jpg 768w, https:\/\/www.beach.perg.at\/content\/wp-content\/uploads\/2024\/08\/image241.jpg 1200w\" sizes=\"auto, (max-width: 767px) 89vw, (max-width: 1000px) 54vw, (max-width: 1071px) 543px, 580px\" \/><\/a><\/figure>\n\n\n\n<p><\/p>\n\n\n\n<p><\/p>\n\n\n\n<p><strong>ERGEBNIS K.O.M. 2024<\/strong><\/p>\n\n\n\n<div data-wp-interactive=\"core\/file\" class=\"wp-block-file\"><object data-wp-bind--hidden=\"!state.hasPdfPreview\" hidden class=\"wp-block-file__embed\" data=\"https:\/\/www.beach.perg.at\/content\/wp-content\/uploads\/2024\/08\/KOM24-8.pdf\" type=\"application\/pdf\" style=\"width:100%;height:600px\" aria-label=\"Einbettung von KOM24-8.\"><\/object><a id=\"wp-block-file--media-316655f9-4b4a-41e6-84e0-64d4c807a6f7\" href=\"https:\/\/www.beach.perg.at\/content\/wp-content\/uploads\/2024\/08\/KOM24-8.pdf\">KOM24-8<\/a><a href=\"https:\/\/www.beach.perg.at\/content\/wp-content\/uploads\/2024\/08\/KOM24-8.pdf\" class=\"wp-block-file__button wp-element-button\" download aria-describedby=\"wp-block-file--media-316655f9-4b4a-41e6-84e0-64d4c807a6f7\">Herunterladen<\/a><\/div>\n\n\n\n<p><\/p>\n\n\n\n<figure class=\"wp-block-gallery has-nested-images columns-default is-cropped wp-block-gallery-1 is-layout-flex wp-block-gallery-is-layout-flex\"><\/figure>\n\n\n\n<p><\/p>\n","protected":false},"excerpt":{"rendered":"<p>Das hat dem geilsten Viertel Ober\u00f6sterreichs noch gefehlt: eine eigene Beachtour! Und hier ist sie: K.O.M. &#8222;Kings of M\u00fchlviertel&#8220; Beachvolleyball Trophy ist eine Tour von mehreren Turnieren im M\u00fchlviertel mit dem Finale bei den O\u00d6 Beach Finals presented by Raiffeisen. Es werden die besten m\u00e4nnlichen Beachduos des M\u00fchlviertels gesucht, Partnertausch wird bei uns nicht supported. &hellip; <\/p>\n<p class=\"link-more\"><a href=\"https:\/\/www.beach.perg.at\/content\/kom-kings-of-muehlviertel-beachtour-2024\/\" class=\"more-link\"><span class=\"screen-reader-text\">\u201e&#8222;Kings of M\u00fchlviertel&#8220; Beachvolleyball Trophy 2025\u201c <\/span>weiterlesen<\/a><\/p>\n","protected":false},"author":1,"featured_media":1664,"parent":0,"menu_order":0,"comment_status":"closed","ping_status":"closed","template":"","meta":{"footnotes":""},"class_list":["post-1680","page","type-page","status-publish","has-post-thumbnail","hentry"],"_links":{"self":[{"href":"https:\/\/www.beach.perg.at\/content\/wp-json\/wp\/v2\/pages\/1680","targetHints":{"allow":["GET"]}}],"collection":[{"href":"https:\/\/www.beach.perg.at\/content\/wp-json\/wp\/v2\/pages"}],"about":[{"href":"https:\/\/www.beach.perg.at\/content\/wp-json\/wp\/v2\/types\/page"}],"author":[{"embeddable":true,"href":"https:\/\/www.beach.perg.at\/content\/wp-json\/wp\/v2\/users\/1"}],"replies":[{"embeddable":true,"href":"https:\/\/www.beach.perg.at\/content\/wp-json\/wp\/v2\/comments?post=1680"}],"version-history":[{"count":52,"href":"https:\/\/www.beach.perg.at\/content\/wp-json\/wp\/v2\/pages\/1680\/revisions"}],"predecessor-version":[{"id":2135,"href":"https:\/\/www.beach.perg.at\/content\/wp-json\/wp\/v2\/pages\/1680\/revisions\/2135"}],"wp:featuredmedia":[{"embeddable":true,"href":"https:\/\/www.beach.perg.at\/content\/wp-json\/wp\/v2\/media\/1664"}],"wp:attachment":[{"href":"https:\/\/www.beach.perg.at\/content\/wp-json\/wp\/v2\/media?parent=1680"}],"curies":[{"name":"wp","href":"https:\/\/api.w.org\/{rel}","templated":true}]}}