{"id":2,"date":"2014-11-21T04:51:49","date_gmt":"2014-11-21T04:51:49","guid":{"rendered":"http:\/\/localhost\/wordpress-4.0.1\/wordpress\/?page_id=2"},"modified":"2025-07-24T10:19:13","modified_gmt":"2025-07-24T08:19:13","slug":"team","status":"publish","type":"page","link":"https:\/\/www.beach.perg.at\/content\/team\/","title":{"rendered":"Team"},"content":{"rendered":"<p>Die O\u00d6 Beach Finals werden von der Union Schwertberg Volleyball in Kooperation mit der Stadt Perg und dem O\u00d6 Volleyballverband durchgef\u00fchrt.<\/p>\n<p><strong>Hauptverantwortlicher<br \/>\n<\/strong>Johannes &#8222;Dicho&#8220; Dirnberger<br \/>\nSchulstra\u00dfe 6<br \/>\n4312 Ried\/Riedmark<br \/>\n0650 7828869<br \/>\njohannes.dirnberger@gmx.at<\/p>\n<p><strong>4er Hobbycup<br \/>\n<\/strong>Maximilian Sieber<\/p>\n<p><strong>Einteilung Ausschank<br \/>\n<\/strong>Johanna Hintersteininger<\/p>\n<p><strong>Grillteam<br \/>\n<\/strong>Stefan Koppenberger<br \/>\nWaldbad 69ers<\/p>\n\n<!-- Buttons X - Start -->\n<style type=\"text\/css\" scoped>\/*2032-start*\/\n#btnsx-2032{margin-top:0px;margin-bottom:0px;margin-left:0px;margin-right:0px;padding-top:10px;padding-bottom:10px;padding-left:40px;padding-right:40px;}\n#btnsx-2032 .btnsx-text-primary{font-size:21px;line-height:21px;font-style:normal;color:#ffffff;padding-top:0px;padding-bottom:0px;padding-left:0px;padding-right:0px;}\n#btnsx-2032:hover .btnsx-text-primary{color:#ffac14;}\n#btnsx-2032{background-color:#0f2c9e!important;}\n#btnsx-2032:hover{background-color:#2861ff!important;}\n#btnsx-2032{border-top-width:0px;border-bottom-width:0px;border-left-width:0px;border-right-width:0px;border-style:none;border-top-left-radius:4px;border-top-right-radius:4px;border-bottom-left-radius:4px;border-bottom-right-radius:4px;}\n#btnsx-2032:hover{border-top-width:0px;border-bottom-width:0px;border-left-width:0px;border-right-width:0px;border-style:none;border-top-left-radius:0px;border-top-right-radius:0px;border-bottom-left-radius:0px;border-bottom-right-radius:0px;}\n#btnsx-2032{-webkit-box-shadow:none;box-shadow:none;}\n#btnsx-2032:hover{-webkit-box-shadow:none;box-shadow:none;}\n\/*2032-end*\/\n<\/style>\n<a href=\"https:\/\/docs.google.com\/spreadsheets\/d\/e\/2PACX-1vRbVypX68UW4SOU43yNKKi9XPkrQ_GLaj-OUyaI7HFiNwld5KCGLmWxXGtLI8TIPktVJV0zh2OYex2_\/pubhtml\" id=\"btnsx-2032\" target=\"_blank\" class=\"btnsx-btn\" >\n\t<span class=\"btnsx-text-primary \">Mitarbeiterplan 2025<\/span><\/a>\n\n<!-- Buttons X - End -->\n\n","protected":false},"excerpt":{"rendered":"<p>Die O\u00d6 Beach Finals werden von der Union Schwertberg Volleyball in Kooperation mit der Stadt Perg und dem O\u00d6 Volleyballverband durchgef\u00fchrt. Hauptverantwortlicher Johannes &#8222;Dicho&#8220; Dirnberger Schulstra\u00dfe 6 4312 Ried\/Riedmark 0650 7828869 johannes.dirnberger@gmx.at 4er Hobbycup Maximilian Sieber Einteilung Ausschank Johanna Hintersteininger Grillteam Stefan Koppenberger Waldbad 69ers<\/p>\n","protected":false},"author":1,"featured_media":0,"parent":0,"menu_order":9,"comment_status":"open","ping_status":"open","template":"","meta":{"footnotes":""},"class_list":["post-2","page","type-page","status-publish","hentry"],"_links":{"self":[{"href":"https:\/\/www.beach.perg.at\/content\/wp-json\/wp\/v2\/pages\/2","targetHints":{"allow":["GET"]}}],"collection":[{"href":"https:\/\/www.beach.perg.at\/content\/wp-json\/wp\/v2\/pages"}],"about":[{"href":"https:\/\/www.beach.perg.at\/content\/wp-json\/wp\/v2\/types\/page"}],"author":[{"embeddable":true,"href":"https:\/\/www.beach.perg.at\/content\/wp-json\/wp\/v2\/users\/1"}],"replies":[{"embeddable":true,"href":"https:\/\/www.beach.perg.at\/content\/wp-json\/wp\/v2\/comments?post=2"}],"version-history":[{"count":14,"href":"https:\/\/www.beach.perg.at\/content\/wp-json\/wp\/v2\/pages\/2\/revisions"}],"predecessor-version":[{"id":2034,"href":"https:\/\/www.beach.perg.at\/content\/wp-json\/wp\/v2\/pages\/2\/revisions\/2034"}],"wp:attachment":[{"href":"https:\/\/www.beach.perg.at\/content\/wp-json\/wp\/v2\/media?parent=2"}],"curies":[{"name":"wp","href":"https:\/\/api.w.org\/{rel}","templated":true}]}}