{"id":222,"date":"2015-01-10T23:17:07","date_gmt":"2015-01-10T22:17:07","guid":{"rendered":"http:\/\/www.beach.perg.at\/content\/?page_id=222"},"modified":"2025-07-24T10:29:21","modified_gmt":"2025-07-24T08:29:21","slug":"teilnahme","status":"publish","type":"page","link":"https:\/\/www.beach.perg.at\/content\/teilnahme\/","title":{"rendered":"ABV Pro Tour LMS Ober\u00f6sterreich"},"content":{"rendered":"<p align=\"justify\"><strong>LMS Ober\u00f6sterreich der Allgemeinen Klasse Damen und Herren<\/strong><\/p>\n<p align=\"justify\">Die ober\u00f6sterreichischen Landesmeisterschaften im Beachvolleyball der Allgemeinen Klassen Damen und Herren finden am 15.\/16.8.2025 in Perg unter dem Namen <strong>O\u00d6 BEACH FINALS presented by Raiffeisen Perg<\/strong> statt,<\/p>\n<p align=\"justify\">Teilnahmeberechtigt sind nur SpielerInnen mit einer g\u00fcltigen \u00d6VV Beachlizenz, die bei einem \u00f6sterreichischen Volleyballverein gemeldet sind. <strong>Mindestens ein Spieler\/eine Spielerin muss dem O\u00d6VV angeh\u00f6ren<\/strong>, f\u00fcr die Anmeldung zum Turnier ist ein g\u00fcltiger Login auf volleynet.at\/beach notwendig. Laut Regulativ ist der Besitz einer g\u00fcltigen Beachlizenz (zur Teilnahme gen\u00fcgt eine \u00d6VV Kategorie C\u2013, \u00d6VV Turnier\u2013, \u00d6VV Junior- oder \u00d6VV Junior-Turnier-Lizenz) vorgeschrieben. Diese kann mit g\u00fcltigem Login ebenfalls auf volleynet.at\/beach beantragt werden.<\/p>\n<p align=\"justify\">LMS gelten laut Ausschreibung des \u00d6VV als Turnier der Kategorie <strong>ABV PRO 80<\/strong>. Dies gilt f\u00fcr Anmeldung, Nenngeld (45 EUR pro Team) und Punkte. Es werden pro Bewerb <strong>500 EUR Preisgeld<\/strong> ausgespielt. Das Team, das Landesmeister wird, ist automatisch f\u00fcr die Staatsmeisterschaften im Hauptbewerb qualifiziert.<\/p>\n<p align=\"justify\">Wir spielen auf 4 Pl\u00e4tzen parallel, es wird voraussichtlich keine Qualifikation geben, alle gemeldeten Teams sind automatisch im Hauptbewerb. Wir k\u00f6nnen in beiden Bewerben bis zu 24 Teams antreten lassen. Es wird in Double Elimination auf 2 Gewinns\u00e4tze bis 15 gespielt. Ab Semifinale bis 21 Punkte (Ausnahme 3. Satz).<\/p>\n<p align=\"justify\">Links:<\/p>\n<ul>\n<li><a href=\"http:\/\/www.volleynet.at\/infocorner\/lizenz\/\" target=\"_blank\" rel=\"noopener\">\u00d6VV Anleitung f\u00fcr Lizenzanmeldung lesen<\/a><\/li>\n<li><a style=\"font-size: revert;\" title=\"Anreise\" href=\"http:\/\/www.beach.perg.at\/content\/?page_id=306\">Anreise<\/a><\/li>\n<li><a href=\"https:\/\/www.volleynet.at\/beach\/bewerbe\/PRO%2520TOUR\/phase\/Landesmeisterschaften\/sex\/W\/saison\/2025\/cup\/37010\">Turnierseite Damen<\/a><\/li>\n<li><a href=\"https:\/\/www.volleynet.at\/beach\/bewerbe\/PRO%2520TOUR\/phase\/LMS\/sex\/M\/saison\/2025\/cup\/37009\">Turnierseite Herren<\/a><\/li>\n<\/ul>\n<p><span style=\"font-size: revert;\">Stand 12.8.2024<\/span><\/p>\n\n\n<p><\/p>\n\n\n\n<p><\/p>\n","protected":false},"excerpt":{"rendered":"<p>LMS Ober\u00f6sterreich der Allgemeinen Klasse Damen und Herren Die ober\u00f6sterreichischen Landesmeisterschaften im Beachvolleyball der Allgemeinen Klassen Damen und Herren finden am 15.\/16.8.2025 in Perg unter dem Namen O\u00d6 BEACH FINALS presented by Raiffeisen Perg statt, Teilnahmeberechtigt sind nur SpielerInnen mit einer g\u00fcltigen \u00d6VV Beachlizenz, die bei einem \u00f6sterreichischen Volleyballverein gemeldet sind. Mindestens ein Spieler\/eine Spielerin &hellip; <\/p>\n<p class=\"link-more\"><a href=\"https:\/\/www.beach.perg.at\/content\/teilnahme\/\" class=\"more-link\"><span class=\"screen-reader-text\">\u201eABV Pro Tour LMS Ober\u00f6sterreich\u201c <\/span>weiterlesen<\/a><\/p>\n","protected":false},"author":1,"featured_media":0,"parent":0,"menu_order":0,"comment_status":"open","ping_status":"closed","template":"","meta":{"footnotes":""},"class_list":["post-222","page","type-page","status-publish","hentry"],"_links":{"self":[{"href":"https:\/\/www.beach.perg.at\/content\/wp-json\/wp\/v2\/pages\/222","targetHints":{"allow":["GET"]}}],"collection":[{"href":"https:\/\/www.beach.perg.at\/content\/wp-json\/wp\/v2\/pages"}],"about":[{"href":"https:\/\/www.beach.perg.at\/content\/wp-json\/wp\/v2\/types\/page"}],"author":[{"embeddable":true,"href":"https:\/\/www.beach.perg.at\/content\/wp-json\/wp\/v2\/users\/1"}],"replies":[{"embeddable":true,"href":"https:\/\/www.beach.perg.at\/content\/wp-json\/wp\/v2\/comments?post=222"}],"version-history":[{"count":46,"href":"https:\/\/www.beach.perg.at\/content\/wp-json\/wp\/v2\/pages\/222\/revisions"}],"predecessor-version":[{"id":2041,"href":"https:\/\/www.beach.perg.at\/content\/wp-json\/wp\/v2\/pages\/222\/revisions\/2041"}],"wp:attachment":[{"href":"https:\/\/www.beach.perg.at\/content\/wp-json\/wp\/v2\/media?parent=222"}],"curies":[{"name":"wp","href":"https:\/\/api.w.org\/{rel}","templated":true}]}}