{"id":372,"date":"2015-04-09T21:50:57","date_gmt":"2015-04-09T19:50:57","guid":{"rendered":"http:\/\/www.beach.perg.at\/content\/?page_id=372"},"modified":"2025-08-14T21:36:58","modified_gmt":"2025-08-14T19:36:58","slug":"herren","status":"publish","type":"page","link":"https:\/\/www.beach.perg.at\/content\/ergebnisse\/herren\/","title":{"rendered":"Herren Raster und Live-Scores"},"content":{"rendered":"<p>WICHTIG: Alle Spieler m\u00fcssen zuerst zur Anmeldung in die Machland Badewelt kommen, erst danach zu ihren Courts. Die Beginnzeiten sind gesch\u00e4tzt. Es wird immer 5min nach Ende der Vorpartie angepfiffen. Bitte auf rechtzeitigen Spielbeginn achten, wir haben einen sehr engen Zeitplan.<\/p>\n<p>Court 1 und Court 2 befinden sich in der Badewelt im Center Court Stadion.<br \/>\nCourt 5 ist der Court bei der HTL Perg. Court 6 ist der Court beim BORG Perg, Zugang ebenfalls \u00fcber die HTL Perg. Vom Parkplatz der Badewelt \u00fcber die Stra\u00dfe zum roten HTL Geb\u00e4ude gehen, rechts neben dem Geb\u00e4ude ist der Durchgang (Eisentor) zu den Courts.<\/p>\n<p><a href=\"https:\/\/maps.app.goo.gl\/LVByQaR9TD95kCnT8\" target=\"_blank\" rel=\"noopener\">Google Maps Link zum HTL Perg Court 5<\/a><\/p>\n<p><a href=\"https:\/\/maps.app.goo.gl\/i446C4XqFDd19mC19\" target=\"_blank\" rel=\"noopener\">Google Maps Link zum BORG Perg Court 6<\/a><\/p>\n<p>Die erste Runde Schiedsrichter (9:00 Anpfiff, vor 8:45 am Court!):<\/p>\n<ol>\n<li>Kitzm\u00fcller\/Pfoser vs. Mayrhofer\/Mayrhofer (Court 1): <strong>Lindner\/Eichhorn<\/strong><\/li>\n<li>Javjkhlan\/Sch\u00e4fer vs. Kloibhofer\/Postlmayr (Court 5): <strong>Pichler\/Schlederer<\/strong><\/li>\n<li>K\u00f6ttsdorfer\/Amatschek vs. Heimel\/Gaisrucker (Court 2): <strong>Aichinger F.\/Auer<\/strong><\/li>\n<li>Amatschek F.\/Platzl vs. Wilging\/Kugler (Court 6): <strong>Steiner\/Roidinger<\/strong><\/li>\n<\/ol>\n<p>Danach bleiben immer die Verlierer als Schiedsrichter am Feld.<br \/>\n<iframe style=\"width: 100%; height: 1100px;\" src=\"https:\/\/docs.google.com\/spreadsheets\/d\/e\/2PACX-1vTCcBE9sHP8CHhHSC5TNBCiazgh3aTtUJA-Jlaz3uCY7TKesim8luzjo9eFrqBj-ktbhV6Cf2R8L87i\/pubhtml?gid=1380307219&amp;single=true&amp;widget=true&amp;headers=false\"><\/iframe><\/p>\n","protected":false},"excerpt":{"rendered":"<p>WICHTIG: Alle Spieler m\u00fcssen zuerst zur Anmeldung in die Machland Badewelt kommen, erst danach zu ihren Courts. Die Beginnzeiten sind gesch\u00e4tzt. Es wird immer 5min nach Ende der Vorpartie angepfiffen. Bitte auf rechtzeitigen Spielbeginn achten, wir haben einen sehr engen Zeitplan. Court 1 und Court 2 befinden sich in der Badewelt im Center Court Stadion. &hellip; <\/p>\n<p class=\"link-more\"><a href=\"https:\/\/www.beach.perg.at\/content\/ergebnisse\/herren\/\" class=\"more-link\"><span class=\"screen-reader-text\">\u201eHerren Raster und Live-Scores\u201c <\/span>weiterlesen<\/a><\/p>\n","protected":false},"author":1,"featured_media":0,"parent":224,"menu_order":0,"comment_status":"open","ping_status":"closed","template":"","meta":{"footnotes":""},"class_list":["post-372","page","type-page","status-publish","hentry"],"_links":{"self":[{"href":"https:\/\/www.beach.perg.at\/content\/wp-json\/wp\/v2\/pages\/372","targetHints":{"allow":["GET"]}}],"collection":[{"href":"https:\/\/www.beach.perg.at\/content\/wp-json\/wp\/v2\/pages"}],"about":[{"href":"https:\/\/www.beach.perg.at\/content\/wp-json\/wp\/v2\/types\/page"}],"author":[{"embeddable":true,"href":"https:\/\/www.beach.perg.at\/content\/wp-json\/wp\/v2\/users\/1"}],"replies":[{"embeddable":true,"href":"https:\/\/www.beach.perg.at\/content\/wp-json\/wp\/v2\/comments?post=372"}],"version-history":[{"count":31,"href":"https:\/\/www.beach.perg.at\/content\/wp-json\/wp\/v2\/pages\/372\/revisions"}],"predecessor-version":[{"id":2122,"href":"https:\/\/www.beach.perg.at\/content\/wp-json\/wp\/v2\/pages\/372\/revisions\/2122"}],"up":[{"embeddable":true,"href":"https:\/\/www.beach.perg.at\/content\/wp-json\/wp\/v2\/pages\/224"}],"wp:attachment":[{"href":"https:\/\/www.beach.perg.at\/content\/wp-json\/wp\/v2\/media?parent=372"}],"curies":[{"name":"wp","href":"https:\/\/api.w.org\/{rel}","templated":true}]}}